{"id":550,"date":"2015-12-30T17:52:25","date_gmt":"2015-12-30T17:52:25","guid":{"rendered":"http:\/\/hpca22.site.ac.upc.edu\/?page_id=550"},"modified":"2016-03-08T20:12:10","modified_gmt":"2016-03-08T20:12:10","slug":"conference-program","status":"publish","type":"page","link":"https:\/\/hpca22.site.ac.upc.edu\/index.php\/program\/conference-program\/","title":{"rendered":"Conference Program"},"content":{"rendered":"<h2>Conference Program<\/h2>\n<p>&nbsp;<\/p>\n<h2 style=\"text-align: justify;font-size: 22px;\">Sunday<\/h2>\n<table style=\"width: 100%; margin-left: 40px;\">\n<tr>\n<td style=\"width: 120px\">18:00-20:00<\/td>\n<td>Welcome reception<br \/>\n&nbsp;<\/td>\n<\/tr>\n<\/table>\n<p>&nbsp;<\/p>\n<h2 style=\"text-align: justify;font-size: 22px;\">Monday<\/h2>\n<table style=\"width: 100%; margin-left: 40px;\">\n<tr>\n<td style=\"width: 120px\">8:00-8:30<\/td>\n<td>Opening<br \/>\n&nbsp;<\/td>\n<\/tr>\n<tr>\n<td style=\"width: 120px\"> 8:30-9:30<\/td>\n<td><a href=\"https:\/\/hpca22.site.ac.upc.edu\/index.php\/program\/keynotes\/#key1\">Keynote I:<\/a> Madan Musuvathi, <em>Microsoft<\/em>, <b>Beyond the embarrassingly parallel \u2013 New languages, compilers, and runtimes for big-data processing<\/b><br \/>\n&nbsp;<\/td>\n<\/tr>\n<tr>\n<td style=\"width: 120px\"> 9:30-10:00<\/td>\n<td>Break<br \/>\n&nbsp;<\/td>\n<\/tr>\n<tr>\n<td style=\"width: 120px\">10:00-11:15<\/td>\n<td>\n<p style=\"text-decoration: underline;\"><b>Session 1A &#8211; Hardware Accelerators<\/b><\/p>\n<p>&nbsp;<\/p>\n<p>Session chair: David Kaeli, Northeastern<br \/>\n&nbsp;<\/p>\n<p><b>Memristive Boltzmann Machine: A Hardware Accelerator for Combinatorial Optimization and Deep Learning<\/b><br \/>\nMahdi Nazm Bojnordi and Engin Ipek (University of Rochester)<br \/>\n<em>NOMINATED FOR BEST PAPER AWARD<\/em><br \/>\n&nbsp;<\/p>\n<p><b>TABLA: A Unified Template-based Architecture for Accelerating Statistical Machine Learning<\/b><br \/>\nDivya Mahajan, Jongse Park, Emmanuel Amaro, Hardik Sharma, Amir Yazdanbaksh, Joon Kim, and Hadi Esmaeilzadeh (Georgia Institute of Technology)<br \/>\n<em>NOMINATED FOR BEST PAPER AWARD<\/em><br \/>\n&nbsp;<\/p>\n<p><b>Pushing the Limits of Accelerator Efficiency While Retaining General-Purpose Programmability<\/b><br \/>\nTony Nowatzki, Vinay Gangadhar, and Karthikeyan Sankaralingam (University of Wisconsin &#8211; Madison) and Greg Wright (Qualcomm)<br \/>\n&nbsp;<\/p>\n<p style=\"text-decoration: underline;\"><b>Session 1B &#8211; Mobile\/IoT<\/b><\/p>\n<p>&nbsp;<\/p>\n<p>Session chair: Xuehai Qian, USC<br \/>\n&nbsp;<\/p>\n<p><b>A Low Power Software-Defined-Radio Baseband Processor for the Internet of Things<\/b><br \/>\nYajing Chen, Shengshuo Lu, Hun-Seok Kim, David Blaauw, Ronald Dreslinski Jr, and Trevor Mudge (University of Michigan)<br \/>\n&nbsp;<\/p>\n<p><b>Improving Smartphone User Experience by Balancing Performance and Energy with Probabilistic QoS Guarantee<\/b><br \/>\nBenjamin Gaudette, Carole-Jean Wu, and Sarma Vrudhula (Arizona State University)<br \/>\n&nbsp;<\/p>\n<p><b>Mobile CPU\u2019s Rise to Power: Quantifying the Impact of Generational Mobile CPU Design Trends on Performance, Energy, and User Satisfaction<\/b><br \/>\nMatthew Halpern, Yuhao Zhu, and Vijay Janapa Reddi (UT Austin)<br \/>\n&nbsp;\n<\/td>\n<\/tr>\n<tr>\n<td style=\"width: 120px\">11:15-11:35<\/td>\n<td>Break<br \/>\n&nbsp;<\/td>\n<\/tr>\n<tr>\n<td style=\"width: 120px\">11:35-12:50<\/td>\n<td>\n<p style=\"text-decoration: underline;\"><b>Session 2A &#8211; Non-volatile Memories<\/b><\/p>\n<p>&nbsp;<\/p>\n<p>Session chair: Daniel Jim\u00e9nez, Texas A&#038;M<br \/>\n&nbsp;<\/p>\n<p><b>Atomic Persistence for SCM with a Non-intrusive Backend Controller<\/b><br \/>\nKshitij Doshi (Intel Corporation) and Ellis Giles and Peter Varman (Rice University)<br \/>\n<em>NOMINATED FOR BEST PAPER AWARD<\/em><br \/>\n&nbsp;<\/p>\n<p><b>CompEx: Compression-Expansion Coding for Energy, Latency, and Lifetime Improvements in MLC\/TLC NVM<\/b><br \/>\nPoovaiah M. Palangappa and Kartik Mohanram (University of Pittsburgh)<br \/>\n&nbsp;<\/p>\n<p><b>A Low-Power Hybrid Reconfigurable Architecture For Resistive Random-Access Memories<\/b><br \/>\nMiguel Angel Lastras Monta\u00f1o, Amirali Ghofrani, and Kwang-Ting Cheng (UCSB)<br \/>\n&nbsp;<\/p>\n<p style=\"text-decoration: underline;\"><b>Session 2B &#8211; Reconfigurable Architectures<\/b><\/p>\n<p>&nbsp;<\/p>\n<p>Session chair: Murali Annavaram, U. Southern California<br \/>\n&nbsp;<\/p>\n<p><b>A Performance Analysis Framework for Optimizing OpenCL Applications on FPGAs<\/b><br \/>\nZeke Wang and Bingsheng He (Nanyang Technological University), Wei Zhang (HKUST), and Shunning Jiang (Nanyang Technological University)<br \/>\n&nbsp;<\/p>\n<p><b>HRL: Efficient and Flexible Reconfigurable Logic for Near-Data Processing<\/b><br \/>\nMingyu Gao and Christos Kozyrakis (Stanford University)<br \/>\n&nbsp;<\/p>\n<p><b>Software Transparent Dynamic Binary Translation for Coarse-Grain Reconfigurable Architectures<\/b><br \/>\nMatthew Watkins (Lafayette College), Anthony Carno (Bucknell University), and Tony Nowatzki (University of Wisconsin-Madison)<br \/>\n&nbsp;\n<\/td>\n<\/tr>\n<tr>\n<td style=\"width: 120px\">12:50-14:20<\/td>\n<td>Lunch<br \/>\n&nbsp;<\/td>\n<\/tr>\n<tr>\n<td style=\"width: 120px\">14:20-16:00<\/td>\n<td>\n<p style=\"text-decoration: underline;\"><b>Session 3A &#8211; GPUs<\/b><\/p>\n<p>&nbsp;<\/p>\n<p>Session chair: Carole-Jean Wu, Arizona State<br \/>\n&nbsp;<\/p>\n<p><b>Core Tunneling: Variation-Aware Voltage Noise Mitigation in GPUs<\/b><br \/>\nRenji Thomas, Kristin Barber, Naser Sedaghati, Li Zhou, and Radu Teodorescu (The Ohio State University)<br \/>\n<em>NOMINATED FOR BEST PAPER AWARD<\/em><br \/>\n&nbsp;<\/p>\n<p><b>Warped-Preexecution: A GPU Pre-execution Approach for Improving Latency Hiding<\/b><br \/>\nKeunsoo Kim, Sangpil Lee, and Myung Kuk Yoon (Yonsei University), Gunjae Koo (University of Southern California), Won Woo Ro (Yonsei University), and Murali Annavaram (University of Southern California)<br \/>\n&nbsp;<\/p>\n<p><b>Approximating Warps with Intra-warp Operand Value Similarity<\/b><br \/>\nDaniel Wong (University of California, Riverside), Nam Sung Kim (University of Illinois at Urbana\u2013Champaign), and Murali Annavaram (University of Southern California)<br \/>\n&nbsp;<\/p>\n<p><b>A Case for Toggle-Aware Compression for GPU Systems<\/b><br \/>\nGennady Pekhimenko (CMU), Evgeny Bolotin (NVIDIA), Nandita Vijaykumar, Onur Mutlu, and Todd C. Mowry (CMU), and Stephen W. Keckler (NVIDIA \/ UT-Austin)<br \/>\n&nbsp;<\/p>\n<p style=\"text-decoration: underline;\"><b>Session 3B &#8211; Caches<\/b><\/p>\n<p>&nbsp;<\/p>\n<p>Session chair: Jun Yang, U. Pittsburgh<br \/>\n&nbsp;<\/p>\n<p><b>Minimal Disturbance Placement and Promotion<\/b><br \/>\nElvira Teran and Daniel A. Jim\u00e9nez (Texas A&#038;M), Zhe Wang (Intel Labs), and Yingying Tian (AMD)<br \/>\n&nbsp;<\/p>\n<p><b>Revisiting Virtual L1 Caches: A Practical Design Using Dynamic Synonym Remapping<\/b><br \/>\nHongil Yoon and Gurindar S. Sohi (University of Wisconsin\u2013Madison)<br \/>\n&nbsp;<\/p>\n<p><b>Modeling Cache Performance Beyond LRU<\/b><br \/>\nNathan Beckmann and Daniel Sanchez (MIT)<br \/>\n&nbsp;<\/p>\n<p><b>Efficient Footprint Caching for Tagless DRAM Caches<\/b><br \/>\nHakbeom Jang (Sungkyunkwan University), Yongjun Lee (Sungkyunkwan University and Samsung Electronics), Jongwon Kim (Sungkyunkwan University), Youngsok Kim and Jangwoo Kim (POSTECH), and Jinkyu Jeong and Jae W. Lee (Sungkyunkwan University)<br \/>\n&nbsp;\n<\/td>\n<\/tr>\n<tr>\n<td style=\"width: 120px\">16:00-16:20<\/td>\n<td>Break<br \/>\n&nbsp;<\/td>\n<\/tr>\n<tr>\n<td style=\"width: 120px\">16:20-18:00<\/td>\n<td>\n<p style=\"text-decoration: underline;\"><b>Session 4A &#8211; Coherence and Consistency<\/b><\/p>\n<p>&nbsp;<\/p>\n<p>Session chair: Daniel Sanchez, MIT<br \/>\n&nbsp;<\/p>\n<p><b>SCsafe: Logging Sequential Consistency Violations Continuously and Precisely<\/b><br \/>\nYuelu Duan and Josep Torrellas (University of Illinois) and David Koufaty (Intel Corporation)<br \/>\n&nbsp;<\/p>\n<p><b>LASER: Light, Accurate Sharing dEtection and Repair<\/b><br \/>\nLiang Luo, Akshitha Sriraman, and Brooke Fugate (University of Pennsylvania), Shiliang Hu, Gilles Pokam, and Chris Newburn (Intel), and Joseph Devietti (University of Pennsylvania)<br \/>\n&nbsp;<\/p>\n<p><b>Improving GPU Hardware Transactional Memory Performance via Conflict and Contention Reduction<\/b><br \/>\nSui Chen and Lu Peng (Louisiana State University)<br \/>\n&nbsp;<\/p>\n<p><b>PleaseTM: Enabling Transaction Conflict Management in Requester-wins Hardware Transactional Memory<\/b><br \/>\nSunjae Park and Milos Prvulovic (Georgia Institute of Technology) and Christopher J Hughes (Intel)<br \/>\n&nbsp;<\/p>\n<p style=\"text-decoration: underline;\"><b>Session 4B &#8211; Interconnects<\/b><\/p>\n<p>&nbsp;<\/p>\n<p>Session chair: Jos\u00e9 Flich, U. Polit\u00e8cnica de Valencia<br \/>\n&nbsp;<\/p>\n<p><b>Efficient Synthetic Traffic Models for Large, Complex SoCs<\/b><br \/>\nJieming Yin, Onur Kayiran, and Matthew Poremba (AMD Research), Natalie Enright Jerger (AMD Research, University of Toronto), and Gabriel H. Loh (AMD Research)<br \/>\n&nbsp;<\/p>\n<p><b>DVFS for NoCs in CMPs: A Thread Voting Approach<\/b><br \/>\nYuan Yao and Zhonghai Lu (KTH Royal Institute of Technology, Sweden)<br \/>\n&nbsp;<\/p>\n<p><b>SLaC: Stage Laser Control for a Flattened Butterfly Network<\/b><br \/>\nYigit Demir (Intel) and Nikos Hardavellas (Northwestern University)<br \/>\n&nbsp;<\/p>\n<p><b>The Runahead Network-On-Chip<\/b><br \/>\nZimo Li and Joshua San Miguel (University of Toronto) and Natalie Enright Jerger (University of Toronto\/AMD)<br \/>\n&nbsp;\n<\/td>\n<\/tr>\n<tr>\n<td style=\"width: 120px\">18:15-20:00<\/td>\n<td>Business meetings<br \/>\n&nbsp;<\/td>\n<\/tr>\n<\/table>\n<p>&nbsp;<\/p>\n<h2 style=\"text-align: justify;font-size: 22px;\">Tuesday<\/h2>\n<table style=\"width: 100%; margin-left: 40px;\">\n<tr>\n<td style=\"width: 120px\">8:30-9:30<\/td>\n<td><a href=\"https:\/\/hpca22.site.ac.upc.edu\/index.php\/program\/keynotes\/#key2\">Keynote II:<\/a> Keshav Pingali, <em>U. Texas<\/em>, <b>50 Years of Parallel programming: Ieri, Oggi, Domani<\/b><br \/>\n&nbsp;<\/td>\n<\/tr>\n<tr>\n<td style=\"width: 120px\">9:30-10:00<\/td>\n<td>Break<br \/>\n&nbsp;<\/td>\n<\/tr>\n<tr>\n<td style=\"width: 120px\">10:00-11:15<\/td>\n<td>\n<p style=\"text-decoration: underline;\"><b>Session 5A &#8211; GPGPUs<\/b><\/p>\n<p>&nbsp;<\/p>\n<p>Session chair: Jangwoo Kim, POSTECH<br \/>\n&nbsp;<\/p>\n<p><b>Towards High Performance Paged Memory for GPUs<\/b><br \/>\nTianhao Zheng (The University of Texas at Austin &#038; NVIDIA), David Nellans, Arslan Zulfiqar, and Mark Stephenson (NVIDIA), and Stephen W Keckler (NVIDIA \/ UT-Austin)<br \/>\n&nbsp;<\/p>\n<p><b>Simultaneous Multikernel GPU: Multi-tasking Throughput Processors via Fine-Grained Sharing<\/b><br \/>\nZhenning Wang (Shanghai Jiao Tong University), Jun Yang, Rami Melhem, Bruce Childers, and Youtao Zhang (University of Pittsburgh), and Minyi Guo (Shanghai Jiao Tong University)<br \/>\n&nbsp;<\/p>\n<p><b>iPAWS : Instruction-Issue Pattern-based Adaptive Warp Scheduling for GPGPUs<\/b><br \/>\nMinseok Lee (KAIST), Gwangsun Kim (KAIST \/ NVIDIA), John Kim (KAIST), and Woong Seo, Yeongon Cho, and Soojung Ryu (Samsung Electronics)<br \/>\n&nbsp;<\/p>\n<p style=\"text-decoration: underline;\"><b>Session 5B &#8211; Security<\/b><\/p>\n<p>&nbsp;<\/p>\n<p>Session chair: Drew Hilton, Duke<br \/>\n&nbsp;<\/p>\n<p><b>Lattice Priority Scheduling: Low-Overhead Timing Channel Protection for a Shared Memory Controller<\/b><br \/>\nAndrew Ferraiuolo, Yao Wang (Cornell University), Danfeng Zhang (Penn State University), Andrew Myers, and Ed Suh (Cornell University)<br \/>\n&nbsp;<\/p>\n<p><b>A Complete Key Recovery Timing Attack on a GPU<\/b><br \/>\nZhen Jiang, Yunsi Fei, and David Kaeli (Northeastern University)<br \/>\n&nbsp;<\/p>\n<p><b>CATalyst: Defeating Last Level Cache Side Channel Attacks in Cloud Computing<\/b><br \/>\nFangfei Liu (Princeton University), Qian Ge (NICTA and UNSW), Yuval Yarom (University of Adelaide and NICTA), Frank Mckeen and Carlos Rozas (Intel), Gernot Heiser (NICTA and UNSW), and Ruby Lee (Princeton University)<br \/>\n&nbsp;<\/td>\n<\/tr>\n<tr>\n<td style=\"width: 120px\">11:15-11:35<\/td>\n<td>Break<br \/>\n&nbsp;<\/td>\n<\/tr>\n<tr>\n<td style=\"width: 120px\">11:35-12:50<\/td>\n<td>\n<p style=\"text-decoration: underline;\"><b>Session 6A &#8211; Large-Scale Systems<\/b><\/p>\n<p>&nbsp;<\/p>\n<p>Session chair: Jason Mars, U. Michigan<br \/>\n&nbsp;<\/p>\n<p><b>Predicting the Memory Bandwidth and Optimal Core Allocations for Multi-threaded Applications on Large-scale NUMA Machines<\/b><br \/>\nWei Wang, Jack Davidson, and Mary Lou Soffa (University of Virginia)<br \/>\n&nbsp;<\/p>\n<p><b>A Market Approach for Handling Power Emergencies in Multi-Tenant Data Center<\/b><br \/>\nMohammad A. Islam (UC Riverside), Xiaoqi Ren (Caltech), Shaolei Ren (UC Riverside), Adam Wierman (Caltech), and Xiaorui Wang (The Ohio State University)<br \/>\n&nbsp;<\/p>\n<p><b>SizeCap: Efficiently Handling Power Surges in Fuel Cell Powered Data Centers<\/b><br \/>\nYang Li (Carnegie Mellon University), Di Wang (Microsoft Corporation), Saugata Ghose (Carnegie Mellon University), Jie Liu, Sriram Govindan, Sean James, Eric Peterson, and John Siegler (Microsoft Corporation), and Rachata Ausavarungnirun and Onur Mutlu (Carnegie Mellon University)<br \/>\n&nbsp;<\/p>\n<p style=\"text-decoration: underline;\"><b>Session 6B &#8211; Potpourri<\/b><\/p>\n<p>&nbsp;<\/p>\n<p>Session chair: Trevor Mudge, U. Michigan<br \/>\n&nbsp;<\/p>\n<p><b>MaPU: A Novel Mathematical Computing Architecture<\/b><br \/>\nDonglin Wang, Shaolin Xie, Zhiwei Zhang, Xueliang Du, Lei Wang, Zijun Liu, Xiao Lin, Jie Hao, Chen Lin, Hong Ma, Zhonghua Pu, Guangxin Ding, Wenqin Sun, Fabiao Zhou, Weili Ren, Huijuan Wang, Mengchen Zhu, Lipeng Yang, NuoZhou Xiao, Qian Cui, Xingang Wang, Ruoshan Guo, Xiaoqin Wang (Chinese Academy of Science, Institute of Automation), Leizu Yin (Spreadtrum Comm), Tao Wang, Yongyong Yang (Huawei)<br \/>\n&nbsp;<\/p>\n<p><b>Best-Offset Hardware Prefetching<\/b><br \/>\nPierre Michaud (Inria)<br \/>\n&nbsp;<\/p>\n<p><b>DUANG: Fast and Lightweight Page Migration in Asymmetric Memory Systems<\/b><br \/>\nHao Wang (University of Wisconsin-Madison), Jie Zhang (Yonsei University), Gieseo Park (UT-Dallas), Sharmila Shridhar (University of Wisconsin-Madison), Myoungsoo Jung (Yonsei University), and Nam Sung Kim (University of Illinois-Urbana-Champaign)<br \/>\n&nbsp;<\/td>\n<\/tr>\n<tr>\n<td style=\"width: 120px\">12:50-14:20<\/td>\n<td>Lunch<br \/>\n&nbsp;<\/td>\n<\/tr>\n<tr>\n<td style=\"width: 120px\">14:20-16:00<\/td>\n<td>\n<p style=\"text-decoration: underline;\"><b>Session 7A &#8211; Industry Session<\/b><\/p>\n<p>&nbsp;<\/p>\n<p>Session chair: Jian Li, Huawei<br \/>\n&nbsp;<\/p>\n<p><b>Selective GPU Caches to Eliminate CPU\u2013GPU HW Cache Coherence<\/b><br \/>\nNeha Agarwal (University of Michigan), David Nellans, Eiman Ebrahimi (NVIDIA), Thomas F. Wenisch (University of Michigan), John Danskin, and Stephen W. Keckler (NVIDIA)<br \/>\n&nbsp;<\/p>\n<p><b>Venice: Exploring Server Architectures for Effective Resource Sharing<\/b><br \/>\nJianbo Dong, Rui Hou (Institute of Computing Technology, Chinese Academy of Sciences), Michael Huang (University of Rochester), Tao Jiang, Boyan Zhao (Institute of Computing Technology, Chinese Academy of Sciences), Sally A. McKee (Chalmers University of Technology), Haibin Wang, Xiaosong Cui (Huawei Technologies Co., Ltd), and Lixin Zhang (Institute of Computing Technology, Chinese Academy of Sciences)<br \/>\n&nbsp;<\/p>\n<p><b>A Large-Scale Study of Soft-Errors on GPUs in the Field<\/b><br \/>\nBin Nie (College of William and Mary), Devesh Tiwari, Saurabh Gupta (Oak Ridge National Laboratory), Evgenia Smirni (College of William and Mary), and James H. Rogers (Oak Ridge National Laboratory)<br \/>\n&nbsp;<\/p>\n<p><b>Design and Implementation of A Mobile Storage Leveraging the DRAM Interface<\/b><br \/>\nSungyong Seo, Youngjin Cho, Youngkwang Yoo, Otae Bae, Jaegeun Park, Heehyun Nam, Sunmi Lee, Yongmyung Lee, Seungdo Chae, Moonsang Kwon, Jin-Hyeok Choi, Sangyeun Cho, Jaeheon Jeong, and Duckhyun Chang (Samsung Electronics Co., Ltd.)<br \/>\n&nbsp;<\/p>\n<p style=\"text-decoration: underline;\"><b>Session 7B &#8211; Memory Technology<\/b><\/p>\n<p>&nbsp;<\/p>\n<p>Session chair: Engin Ipek, U. Rochester<br \/>\n&nbsp;<\/p>\n<p><b>Restore Truncation for Performance Improvement in Future DRAM Systems<\/b><br \/>\nXianwei Zhang, Youtao Zhang, and Bruce R. Childers (Computer Science Department, University of Pittsburgh) and Jun Yang (Electrical and Computer Engineering Department, University of Pittsburgh)<br \/>\n&nbsp;<\/p>\n<p><b>Parity Helix: Efficient Protection for Single-Dimensional Faults in Multi-dimensional Memory Systems<\/b><br \/>\nXun Jian and Rakesh Kumar (University of Illinois at Urbana Champaign) and Vilas Sridharan (AMD)<br \/>\n&nbsp;<\/p>\n<p><b>Low-Cost Inter-Linked Subarrays (LISA): Enabling Fast Inter-Subarray Data Movement in DRAM<\/b><br \/>\nKevin K. Chang (Carnegie Mellon University), Prashant J. Nair (Georgia Institute of Technology), Saugata Ghose and Donghyuk Lee (Carnegie Mellon University), Moinuddin K. Qureshi (Georgia Institute of Technology), and Onur Mutlu (Carnegie Mellon University)<br \/>\n&nbsp;<\/p>\n<p><b>ChargeCache: Reducing DRAM Latency by Exploiting Row Access Locality<\/b><br \/>\nHasan Hassan (Carnegie Mellon University, TOBB University of Economics &#038; Technology), Gennady Pekhimenko, Nandita Vijaykumar, Vivek Seshadri, and Donghyuk Lee (Carnegie Mellon University), Oguz Ergin (TOBB University of Economics &#038; Technology), and Onur Mutlu (Carnegie Mellon University)<br \/>\n&nbsp;<\/td>\n<\/tr>\n<tr>\n<td style=\"width: 120px\">16:15-22:00<\/td>\n<td>Excursion followed by banquet dinner<br \/>\n&nbsp;<\/td>\n<\/tr>\n<\/table>\n<p>&nbsp;<\/p>\n<h2 style=\"text-align: justify;font-size: 22px;\">Wednesday<\/h2>\n<table style=\"width: 100%; margin-left: 40px;\">\n<tr>\n<td style=\"width: 120px\">8:30-9:30<\/td>\n<td><a href=\"https:\/\/hpca22.site.ac.upc.edu\/index.php\/program\/keynotes\/#key3\">Keynote III:<\/a> Avinash Sodani, <em>Intel<\/em>, <b>Knights Landing Intel Xeon Phi CPU: Path to Parallelism with General Purpose Programming<\/b><br \/>\n&nbsp;<\/td>\n<\/tr>\n<tr>\n<td style=\"width: 120px\">9:30-10:00<\/td>\n<td>Break<br \/>\n&nbsp;<\/td>\n<\/tr>\n<tr>\n<td style=\"width: 120px\">10:00-11:15<\/td>\n<td>\n<p style=\"text-decoration: underline;\"><b>Session 8A &#8211; Best of IEEE Computer Architecture Letters<\/b><\/p>\n<p>&nbsp;<\/p>\n<p>Session chair: Jos\u00e9 Mart\u00ednez, Cornell<br \/>\n&nbsp;<\/p>\n<p><b>Resistive Associative Processor<\/b><br \/>\nLeonid Yavits, Shahar Kvatinsky, Amir Morad, and Ran Ginosar (Technion-Israel Institute of Technology)<br \/>\n&nbsp;<\/p>\n<p><b>Comparing Stochastic and Deterministic Computing<\/b><br \/>\nRajit Manohar (Cornell Tech)<br \/>\n&nbsp;<\/p>\n<p><b>A Graph-Based Program Representation for Analyzing Hardware Specialization Approaches<\/b><br \/>\nTony Nowatzki, Venkatraman Govindaraju, and Karthikeyan Sankaralingam (University of Wisconsin)<br \/>\n&nbsp;<\/p>\n<p><b>Leveraging Heterogeneous Power for Improving Datacenter Efficiency and Resiliency<\/b><br \/>\nLongjun Liu (Xi&#8217;an Jiaotong University), Chao Li (Shanghai Jiao Tong University), Hongbin Sun (Xi&#8217;an Jiaotong University), Yang Hu (University of Florida),  Jingmin Xin, Nanning Zheng (Xi&#8217;an Jaiotong University), and Tao Li (University of Florida)<br \/>\n&nbsp;<\/p>\n<p style=\"text-decoration: underline;\"><b>Session 8B &#8211; Modeling and Testing<\/b><\/p>\n<p>&nbsp;<\/p>\n<p>Session chair: Brad Beckmann, AMD<br \/>\n&nbsp;<\/p>\n<p><b>Amdahl&#8217;s Law for Lifetime Reliability Scaling in Heterogeneous Multicore Processors<\/b><br \/>\nWilliam Song, Saibal Mukhopadhyay, and Sudhakar Yalamanchili (Georgia Tech)<br \/>\n&nbsp;<\/p>\n<p><b>LiveSim: Going Live with Microarchitecture Simulation<\/b><br \/>\nSina Hassani, Gabriel Southern, and Jose Renau (UC Santa Cruz)<br \/>\n&nbsp;<\/p>\n<p><b>McVerSi: A Test Generation Framework for Fast Memory Consistency Verification in Simulation<\/b><br \/>\nMarco Elver and Vijay Nagarajan (University of Edinburgh)<br \/>\n&nbsp;<\/td>\n<\/tr>\n<tr>\n<td style=\"width: 120px\">11:15-11:35<\/td>\n<td>Break<br \/>\n&nbsp;<\/td>\n<\/tr>\n<tr>\n<td style=\"width: 120px\">11:35-12:50<\/td>\n<td>\n<p style=\"text-decoration: underline;\"><b>Session 9A &#8211; Caches and TLB<\/b><\/p>\n<p>&nbsp;<\/p>\n<p>Session chair: Joe Devietti, UPenn<br \/>\n&nbsp;<\/p>\n<p><b>Energy-Efficient Address Translation<\/b><br \/>\nVasileios Karakostas (Barcelona Supercomputing Center, Universitat Polit\u00e9cnica de Catalunya), Jayneel Gandhi (University of Wisconsin &#8211; Madison), Adri\u00e1n Cristal (Barcelona Supercomputing Center, Universitat Polit\u00e9cnica de Catalunya, IIIA-CSIC), Mark D. Hill (University of Wisconsin &#8211; Madison), Kathryn S. McKinley (Microsoft Research), Mario Nemirovsky (Barcelona Supercomputing Center, ICREA), Michael M. Swift (University of Wisconsin &#8211; Madison), and Osman \u00dcnsal (Barcelona Supercomputing Center)<br \/>\n&nbsp;<\/p>\n<p><b>RADAR: Runtime-Assisted Dead Region Management for Last-Level Caches<\/b><br \/>\nMadhavan Manivannan, Vassilis Papaefstathiou, Miquel Pericas, and Per Stenstrom (Chalmers University of Technology)<br \/>\n&nbsp;<\/p>\n<p><b>Cache QoS: From Concept to Reality in the Intel Xeon E5-2600 v3 Server Processor Family<\/b><br \/>\nAndrew Herdrich, Edwin Verplanke, Chris Gianos, Ronak Singhal, Ravi Iyer, and Priya Autee (Intel)<br \/>\n&nbsp;<\/p>\n<p style=\"text-decoration: underline;\"><b>Session 9B &#8211; Microarchitecture<\/b><\/p>\n<p>&nbsp;<\/p>\n<p>Session chair: Jose Renau, UC Santa Cruz<br \/>\n&nbsp;<\/p>\n<p><b>Symbiotic Job Scheduling on the IBM POWER8<\/b><br \/>\nJosu\u00e9 Feliu (Universitat Polit\u00e8cnica de Val\u00e8ncia), Stijn Eyerman (Ghent University), and Julio Sahuquillo and Salvador Petit (Universitat Polit\u00e8cnica de Val\u00e8ncia)<br \/>\n&nbsp;<\/p>\n<p><b>ScalCore: Designing a Core for Voltage Scalability<\/b><br \/>\nBhargava Gopireddy (University of Illinois), Choungki Song (University of Wisconsin), Josep Torrellas and Nam Sung Kim (University of Illinois), Aditya Agrawal (Nvidia), and Asit Mishra (Intel)<br \/>\n&nbsp;<\/p>\n<p><b>Cost Effective Physical Register Sharing<\/b><br \/>\nArthur Perais and Andr\u00e9 Seznec (INRIA)<br \/>\n&nbsp;<\/td>\n<\/tr>\n<tr>\n<td style=\"width: 120px\">12:50-13:00<\/td>\n<td>Closing<\/td>\n<\/tr>\n<\/table>\n","protected":false},"excerpt":{"rendered":"<p>Conference Program &nbsp; Sunday 18:00-20:00 Welcome reception &nbsp; &nbsp; Monday 8:00-8:30 Opening &nbsp; 8:30-9:30 Keynote I: Madan Musuvathi, Microsoft, Beyond the embarrassingly parallel \u2013 New languages, compilers, and runtimes for big-data processing &nbsp; 9:30-10:00 Break &nbsp; 10:00-11:15 Session 1A &#8211; Hardware Accelerators &nbsp; Session chair: David Kaeli, Northeastern &nbsp; Memristive Boltzmann Machine: A Hardware Accelerator [&hellip;]<\/p>\n","protected":false},"author":2,"featured_media":0,"parent":307,"menu_order":0,"comment_status":"open","ping_status":"open","template":"","meta":{"footnotes":""},"class_list":["post-550","page","type-page","status-publish","hentry"],"_links":{"self":[{"href":"https:\/\/hpca22.site.ac.upc.edu\/index.php\/wp-json\/wp\/v2\/pages\/550","targetHints":{"allow":["GET"]}}],"collection":[{"href":"https:\/\/hpca22.site.ac.upc.edu\/index.php\/wp-json\/wp\/v2\/pages"}],"about":[{"href":"https:\/\/hpca22.site.ac.upc.edu\/index.php\/wp-json\/wp\/v2\/types\/page"}],"author":[{"embeddable":true,"href":"https:\/\/hpca22.site.ac.upc.edu\/index.php\/wp-json\/wp\/v2\/users\/2"}],"replies":[{"embeddable":true,"href":"https:\/\/hpca22.site.ac.upc.edu\/index.php\/wp-json\/wp\/v2\/comments?post=550"}],"version-history":[{"count":52,"href":"https:\/\/hpca22.site.ac.upc.edu\/index.php\/wp-json\/wp\/v2\/pages\/550\/revisions"}],"predecessor-version":[{"id":917,"href":"https:\/\/hpca22.site.ac.upc.edu\/index.php\/wp-json\/wp\/v2\/pages\/550\/revisions\/917"}],"up":[{"embeddable":true,"href":"https:\/\/hpca22.site.ac.upc.edu\/index.php\/wp-json\/wp\/v2\/pages\/307"}],"wp:attachment":[{"href":"https:\/\/hpca22.site.ac.upc.edu\/index.php\/wp-json\/wp\/v2\/media?parent=550"}],"curies":[{"name":"wp","href":"https:\/\/api.w.org\/{rel}","templated":true}]}}